{"id":37,"date":"2022-05-25T16:50:51","date_gmt":"2022-05-25T19:50:51","guid":{"rendered":"https:\/\/sigomrj.com.br\/?page_id=37"},"modified":"2022-05-26T13:32:25","modified_gmt":"2022-05-26T16:32:25","slug":"sobre-nos","status":"publish","type":"page","link":"https:\/\/sigomrj.com.br\/?page_id=37","title":{"rendered":"Sobre N\u00f3s"},"content":{"rendered":"\t\t<div data-elementor-type=\"wp-page\" data-elementor-id=\"37\" class=\"elementor elementor-37\">\n\t\t\t\t\t\t\t\t\t<section class=\"elementor-section elementor-top-section elementor-element elementor-element-2af7e645 elementor-section-height-min-height elementor-section-boxed elementor-section-height-default elementor-section-items-middle\" data-id=\"2af7e645\" data-element_type=\"section\" data-settings=\"{&quot;background_background&quot;:&quot;classic&quot;,&quot;shape_divider_bottom&quot;:&quot;triangle&quot;,&quot;shape_divider_bottom_negative&quot;:&quot;yes&quot;}\">\n\t\t\t\t\t\t\t<div class=\"elementor-background-overlay\"><\/div>\n\t\t\t\t\t\t<div class=\"elementor-shape elementor-shape-bottom\" data-negative=\"true\">\n\t\t\t<svg xmlns=\"http:\/\/www.w3.org\/2000\/svg\" viewBox=\"0 0 1000 100\" preserveAspectRatio=\"none\">\n\t<path class=\"elementor-shape-fill\" d=\"M500.2,94.7L0,0v100h1000V0L500.2,94.7z\"\/>\n<\/svg>\t\t<\/div>\n\t\t\t\t\t<div class=\"elementor-container elementor-column-gap-default\">\n\t\t\t\t\t<div class=\"elementor-column elementor-col-100 elementor-top-column elementor-element elementor-element-192758b1\" data-id=\"192758b1\" data-element_type=\"column\">\n\t\t\t<div class=\"elementor-widget-wrap elementor-element-populated\">\n\t\t\t\t\t\t\t\t<div class=\"elementor-element elementor-element-7f70c325 elementor-invisible elementor-widget elementor-widget-heading\" data-id=\"7f70c325\" data-element_type=\"widget\" data-settings=\"{&quot;_animation&quot;:&quot;fadeInUp&quot;}\" data-widget_type=\"heading.default\">\n\t\t\t\t<div class=\"elementor-widget-container\">\n\t\t\t<style>\/*! elementor - v3.6.5 - 27-04-2022 *\/\n.elementor-heading-title{padding:0;margin:0;line-height:1}.elementor-widget-heading .elementor-heading-title[class*=elementor-size-]>a{color:inherit;font-size:inherit;line-height:inherit}.elementor-widget-heading .elementor-heading-title.elementor-size-small{font-size:15px}.elementor-widget-heading .elementor-heading-title.elementor-size-medium{font-size:19px}.elementor-widget-heading .elementor-heading-title.elementor-size-large{font-size:29px}.elementor-widget-heading .elementor-heading-title.elementor-size-xl{font-size:39px}.elementor-widget-heading .elementor-heading-title.elementor-size-xxl{font-size:59px}<\/style><h1 class=\"elementor-heading-title elementor-size-xl\">Conhe\u00e7a mais sobre a  SigomRj<\/h1>\t\t<\/div>\n\t\t\t\t<\/div>\n\t\t\t\t<div class=\"elementor-element elementor-element-73f9972d elementor-invisible elementor-widget elementor-widget-image\" data-id=\"73f9972d\" data-element_type=\"widget\" data-settings=\"{&quot;_animation&quot;:&quot;pulse&quot;}\" data-widget_type=\"image.default\">\n\t\t\t\t<div class=\"elementor-widget-container\">\n\t\t\t<style>\/*! elementor - v3.6.5 - 27-04-2022 *\/\n.elementor-widget-image{text-align:center}.elementor-widget-image a{display:inline-block}.elementor-widget-image a img[src$=\".svg\"]{width:48px}.elementor-widget-image img{vertical-align:middle;display:inline-block}<\/style>\t\t\t\t\t\t\t\t\t\t\t\t\t<a href=\"#about\">\n\t\t\t\t\t\t\t<img width=\"300\" height=\"300\" src=\"https:\/\/sigomrj.com.br\/wp-content\/uploads\/2022\/05\/arrow.png\" class=\"attachment-full size-full\" alt=\"\" loading=\"lazy\" srcset=\"https:\/\/sigomrj.com.br\/wp-content\/uploads\/2022\/05\/arrow.png 300w, https:\/\/sigomrj.com.br\/wp-content\/uploads\/2022\/05\/arrow-150x150.png 150w\" sizes=\"(max-width: 300px) 100vw, 300px\" \/>\t\t\t\t\t\t\t\t<\/a>\n\t\t\t\t\t\t\t\t\t\t\t\t\t\t\t<\/div>\n\t\t\t\t<\/div>\n\t\t\t\t\t<\/div>\n\t\t<\/div>\n\t\t\t\t\t\t\t<\/div>\n\t\t<\/section>\n\t\t\t\t<section class=\"elementor-section elementor-top-section elementor-element elementor-element-38eaa492 elementor-reverse-mobile elementor-section-boxed elementor-section-height-default elementor-section-height-default\" data-id=\"38eaa492\" data-element_type=\"section\" data-settings=\"{&quot;background_background&quot;:&quot;classic&quot;}\">\n\t\t\t\t\t\t<div class=\"elementor-container elementor-column-gap-wider\">\n\t\t\t\t\t<div class=\"elementor-column elementor-col-100 elementor-top-column elementor-element elementor-element-1c4fd625\" data-id=\"1c4fd625\" data-element_type=\"column\">\n\t\t\t<div class=\"elementor-widget-wrap elementor-element-populated\">\n\t\t\t\t\t\t\t\t<div class=\"elementor-element elementor-element-6054c8ec elementor-invisible elementor-widget elementor-widget-heading\" data-id=\"6054c8ec\" data-element_type=\"widget\" data-settings=\"{&quot;_animation&quot;:&quot;fadeInLeft&quot;}\" data-widget_type=\"heading.default\">\n\t\t\t\t<div class=\"elementor-widget-container\">\n\t\t\t<h2 class=\"elementor-heading-title elementor-size-xl\">Sobre N\u00f3s<\/h2>\t\t<\/div>\n\t\t\t\t<\/div>\n\t\t\t\t<div class=\"elementor-element elementor-element-3c733647 elementor-invisible elementor-widget elementor-widget-text-editor\" data-id=\"3c733647\" data-element_type=\"widget\" data-settings=\"{&quot;_animation&quot;:&quot;fadeInUp&quot;,&quot;_animation_delay&quot;:400}\" data-widget_type=\"text-editor.default\">\n\t\t\t\t<div class=\"elementor-widget-container\">\n\t\t\t<style>\/*! elementor - v3.6.5 - 27-04-2022 *\/\n.elementor-widget-text-editor.elementor-drop-cap-view-stacked .elementor-drop-cap{background-color:#818a91;color:#fff}.elementor-widget-text-editor.elementor-drop-cap-view-framed .elementor-drop-cap{color:#818a91;border:3px solid;background-color:transparent}.elementor-widget-text-editor:not(.elementor-drop-cap-view-default) .elementor-drop-cap{margin-top:8px}.elementor-widget-text-editor:not(.elementor-drop-cap-view-default) .elementor-drop-cap-letter{width:1em;height:1em}.elementor-widget-text-editor .elementor-drop-cap{float:left;text-align:center;line-height:1;font-size:50px}.elementor-widget-text-editor .elementor-drop-cap-letter{display:inline-block}<\/style>\t\t\t\t<p><strong>A SIGOMRJ\u00a0<\/strong>\u00e9 hoje uma empresa de solu\u00e7\u00f5es para a melhoria da preven\u00e7\u00e3o de perdas, seguran\u00e7a e gest\u00e3o para todos os segmentos. Trabalhamos com as mais avan\u00e7adas tecnologias e contamos com uma ampla linha de produtos, oferecendo solu\u00e7\u00f5es sob medida em seguran\u00e7a eletr\u00f4nica.<\/p><p><strong>A Sigomrj<\/strong> vem crescendo e alcan\u00e7ando seus objetivos. Hoje estamos presente em diversas capitais do Brasil, garantindo assim agilidade no suporte t\u00e9cnico e qualidade no atendimento. Nosso foco \u00e9 na qualidade t\u00e9cnica de nossa equipe, e de todos os nossos projetos, fortalecendo assim a rela\u00e7\u00e3o entre a SIGOMRJ e seus clientes.<\/p><p><strong>Estamos nesse segmento<\/strong> de seguran\u00e7a eletr\u00f4nica, com estrutura pr\u00f3pria de vendas e assist\u00eancia t\u00e9cnica, oferecendo os servi\u00e7os de CFTV, ALARME, CONTROLE DE ACESSO, TELEFONIA E AUTOMA\u00c7\u00c3O.<\/p>\t\t\t\t\t\t<\/div>\n\t\t\t\t<\/div>\n\t\t\t\t<div class=\"elementor-element elementor-element-808e13e elementor-widget elementor-widget-image\" data-id=\"808e13e\" data-element_type=\"widget\" data-widget_type=\"image.default\">\n\t\t\t\t<div class=\"elementor-widget-container\">\n\t\t\t\t\t\t\t\t\t\t\t\t\t\t\t<img width=\"800\" height=\"251\" src=\"https:\/\/sigomrj.com.br\/wp-content\/uploads\/2022\/05\/banner1-2000x626-1-1024x321.png\" class=\"attachment-large size-large\" alt=\"\" loading=\"lazy\" srcset=\"https:\/\/sigomrj.com.br\/wp-content\/uploads\/2022\/05\/banner1-2000x626-1-1024x321.png 1024w, https:\/\/sigomrj.com.br\/wp-content\/uploads\/2022\/05\/banner1-2000x626-1-300x94.png 300w, https:\/\/sigomrj.com.br\/wp-content\/uploads\/2022\/05\/banner1-2000x626-1-768x240.png 768w, https:\/\/sigomrj.com.br\/wp-content\/uploads\/2022\/05\/banner1-2000x626-1-1536x481.png 1536w, https:\/\/sigomrj.com.br\/wp-content\/uploads\/2022\/05\/banner1-2000x626-1.png 2000w\" sizes=\"(max-width: 800px) 100vw, 800px\" \/>\t\t\t\t\t\t\t\t\t\t\t\t\t\t\t<\/div>\n\t\t\t\t<\/div>\n\t\t\t\t<div class=\"elementor-element elementor-element-c0a33a7 elementor-invisible elementor-widget elementor-widget-text-editor\" data-id=\"c0a33a7\" data-element_type=\"widget\" data-settings=\"{&quot;_animation&quot;:&quot;fadeInUp&quot;,&quot;_animation_delay&quot;:400}\" data-widget_type=\"text-editor.default\">\n\t\t\t\t<div class=\"elementor-widget-container\">\n\t\t\t\t\t\t\t<p><strong>Alguns princ\u00edpios da empresa explicam nosso sucesso:<\/strong> vendas associada \u00e0 satisfa\u00e7\u00e3o dos clientes; solu\u00e7\u00f5es com o melhor custo benef\u00edcio e,o mais importante, sempre buscando a qualidade t\u00e9cnica.<\/p><p><strong>Investimos em pesquisa de mercado e desenvolvimento de solu\u00e7\u00f5es<\/strong><\/p><p><strong>A SIGOMRJ<\/strong> possui clientes, de todos os segmentos da ind\u00fastria ao pequeno comercio, eespeciais para cada necessidade de nossos clientes. Contamos com laborat\u00f3rios de manuten\u00e7\u00e3o altamente equipados e profissionais permanentemente treinados para oferecer sempre o que h\u00e1 de melhor a nossos clientes.<\/p><p><strong>Atendemos em todo o territ\u00f3rio brasileiro. Estamos com sede no Rio de Janeiro.<\/strong><\/p><p><strong>Trabalhamos com Seguran\u00e7a<\/strong> Eletr\u00f4nica de uma forma diferente e um tanto quanto especial, pois al\u00e9m do diferencial t\u00e9cnico acreditamos muito no p\u00f3s venda e na rela\u00e7\u00e3o de integra\u00e7\u00e3o e intimidade com nossos clientes, para que assim possamos atender suas necessidades com maior efici\u00eancia. Contamos com certifica\u00e7\u00f5es importantes para uma empresa que se prop\u00f5e a oferecer seguran\u00e7a, atrav\u00e9s de tecnologia eletr\u00f4nica e tamb\u00e9m com um excelente book de fornecedores nacionais e importados.<\/p><p><strong>N\u00e3o buscamos<\/strong> o menor pre\u00e7o mais sim o reconhecimento de melhor qualidade t\u00e9cnica e a satisfa\u00e7\u00e3o de nossos clientes.<\/p><p><strong>Fa\u00e7a parte voc\u00ea tamb\u00e9m!<\/strong><\/p>\t\t\t\t\t\t<\/div>\n\t\t\t\t<\/div>\n\t\t\t\t<div class=\"elementor-element elementor-element-79773be9 elementor-align-center elementor-mobile-align-center elementor-widget elementor-widget-button\" data-id=\"79773be9\" data-element_type=\"widget\" data-widget_type=\"button.default\">\n\t\t\t\t<div class=\"elementor-widget-container\">\n\t\t\t\t\t<div class=\"elementor-button-wrapper\">\n\t\t\t<a href=\"https:\/\/api.whatsapp.com\/send?l=pt&#038;phone=5521995495113\" class=\"elementor-button-link elementor-button elementor-size-sm\" role=\"button\">\n\t\t\t\t\t\t<span class=\"elementor-button-content-wrapper\">\n\t\t\t\t\t\t\t<span class=\"elementor-button-icon elementor-align-icon-right\">\n\t\t\t\t\t\t\t<\/span>\n\t\t\t\t\t\t<span class=\"elementor-button-text\">Entre em contato<\/span>\n\t\t<\/span>\n\t\t\t\t\t<\/a>\n\t\t<\/div>\n\t\t\t\t<\/div>\n\t\t\t\t<\/div>\n\t\t\t\t\t<\/div>\n\t\t<\/div>\n\t\t\t\t\t\t\t<\/div>\n\t\t<\/section>\n\t\t\t\t\t\t\t<\/div>\n\t\t","protected":false},"excerpt":{"rendered":"<p>Conhe\u00e7a mais sobre a SigomRj Sobre N\u00f3s A SIGOMRJ\u00a0\u00e9 hoje uma empresa de solu\u00e7\u00f5es para a melhoria da preven\u00e7\u00e3o de perdas, seguran\u00e7a e gest\u00e3o para todos os segmentos. Trabalhamos com as mais avan\u00e7adas tecnologias e contamos com uma ampla linha de produtos, oferecendo solu\u00e7\u00f5es sob medida em seguran\u00e7a eletr\u00f4nica. A Sigomrj vem crescendo e alcan\u00e7ando [&hellip;]<\/p>\n","protected":false},"author":1,"featured_media":0,"parent":0,"menu_order":0,"comment_status":"closed","ping_status":"closed","template":"","meta":[],"_links":{"self":[{"href":"https:\/\/sigomrj.com.br\/index.php?rest_route=\/wp\/v2\/pages\/37"}],"collection":[{"href":"https:\/\/sigomrj.com.br\/index.php?rest_route=\/wp\/v2\/pages"}],"about":[{"href":"https:\/\/sigomrj.com.br\/index.php?rest_route=\/wp\/v2\/types\/page"}],"author":[{"embeddable":true,"href":"https:\/\/sigomrj.com.br\/index.php?rest_route=\/wp\/v2\/users\/1"}],"replies":[{"embeddable":true,"href":"https:\/\/sigomrj.com.br\/index.php?rest_route=%2Fwp%2Fv2%2Fcomments&post=37"}],"version-history":[{"count":11,"href":"https:\/\/sigomrj.com.br\/index.php?rest_route=\/wp\/v2\/pages\/37\/revisions"}],"predecessor-version":[{"id":313,"href":"https:\/\/sigomrj.com.br\/index.php?rest_route=\/wp\/v2\/pages\/37\/revisions\/313"}],"wp:attachment":[{"href":"https:\/\/sigomrj.com.br\/index.php?rest_route=%2Fwp%2Fv2%2Fmedia&parent=37"}],"curies":[{"name":"wp","href":"https:\/\/api.w.org\/{rel}","templated":true}]}}