{"id":686,"date":"2022-05-30T15:32:33","date_gmt":"2022-05-30T18:32:33","guid":{"rendered":"https:\/\/sigomrj.com.br\/?page_id=686"},"modified":"2022-05-31T09:18:51","modified_gmt":"2022-05-31T12:18:51","slug":"locacao","status":"publish","type":"page","link":"https:\/\/sigomrj.com.br\/?page_id=686","title":{"rendered":"Loca\u00e7\u00e3o 2"},"content":{"rendered":"\t\t<div data-elementor-type=\"wp-page\" data-elementor-id=\"686\" class=\"elementor elementor-686\">\n\t\t\t\t\t\t\t\t\t<section class=\"elementor-section elementor-top-section elementor-element elementor-element-568f3d79 elementor-section-height-min-height elementor-section-boxed elementor-section-height-default elementor-section-items-middle\" data-id=\"568f3d79\" data-element_type=\"section\" data-settings=\"{&quot;background_background&quot;:&quot;classic&quot;}\">\n\t\t\t\t\t\t\t<div class=\"elementor-background-overlay\"><\/div>\n\t\t\t\t\t\t\t<div class=\"elementor-container elementor-column-gap-default\">\n\t\t\t\t\t<div class=\"elementor-column elementor-col-100 elementor-top-column elementor-element elementor-element-5b313d95\" data-id=\"5b313d95\" data-element_type=\"column\">\n\t\t\t<div class=\"elementor-widget-wrap elementor-element-populated\">\n\t\t\t\t\t\t\t\t<div class=\"elementor-element elementor-element-2fcf20e7 elementor-widget elementor-widget-heading\" data-id=\"2fcf20e7\" data-element_type=\"widget\" data-widget_type=\"heading.default\">\n\t\t\t\t<div class=\"elementor-widget-container\">\n\t\t\t<style>\/*! elementor - v3.6.5 - 27-04-2022 *\/\n.elementor-heading-title{padding:0;margin:0;line-height:1}.elementor-widget-heading .elementor-heading-title[class*=elementor-size-]>a{color:inherit;font-size:inherit;line-height:inherit}.elementor-widget-heading .elementor-heading-title.elementor-size-small{font-size:15px}.elementor-widget-heading .elementor-heading-title.elementor-size-medium{font-size:19px}.elementor-widget-heading .elementor-heading-title.elementor-size-large{font-size:29px}.elementor-widget-heading .elementor-heading-title.elementor-size-xl{font-size:39px}.elementor-widget-heading .elementor-heading-title.elementor-size-xxl{font-size:59px}<\/style><h1 class=\"elementor-heading-title elementor-size-xxl\">Loca\u00e7\u00e3o<\/h1>\t\t<\/div>\n\t\t\t\t<\/div>\n\t\t\t\t\t<\/div>\n\t\t<\/div>\n\t\t\t\t\t\t\t<\/div>\n\t\t<\/section>\n\t\t\t\t<section class=\"elementor-section elementor-top-section elementor-element elementor-element-d59b202 elementor-section-boxed elementor-section-height-default elementor-section-height-default\" data-id=\"d59b202\" data-element_type=\"section\">\n\t\t\t\t\t\t<div class=\"elementor-container elementor-column-gap-default\">\n\t\t\t\t\t<div class=\"elementor-column elementor-col-100 elementor-top-column elementor-element elementor-element-27b8a38\" data-id=\"27b8a38\" data-element_type=\"column\">\n\t\t\t<div class=\"elementor-widget-wrap elementor-element-populated\">\n\t\t\t\t\t\t\t\t<div class=\"elementor-element elementor-element-49effd4 elementor-widget elementor-widget-text-editor\" data-id=\"49effd4\" data-element_type=\"widget\" data-widget_type=\"text-editor.default\">\n\t\t\t\t<div class=\"elementor-widget-container\">\n\t\t\t<style>\/*! elementor - v3.6.5 - 27-04-2022 *\/\n.elementor-widget-text-editor.elementor-drop-cap-view-stacked .elementor-drop-cap{background-color:#818a91;color:#fff}.elementor-widget-text-editor.elementor-drop-cap-view-framed .elementor-drop-cap{color:#818a91;border:3px solid;background-color:transparent}.elementor-widget-text-editor:not(.elementor-drop-cap-view-default) .elementor-drop-cap{margin-top:8px}.elementor-widget-text-editor:not(.elementor-drop-cap-view-default) .elementor-drop-cap-letter{width:1em;height:1em}.elementor-widget-text-editor .elementor-drop-cap{float:left;text-align:center;line-height:1;font-size:50px}.elementor-widget-text-editor .elementor-drop-cap-letter{display:inline-block}<\/style>\t\t\t\t<p>Pioneiros em loca\u00e7\u00e3o de equipamentos de seguran\u00e7a eletr\u00f4nica, a SIGOMRJ tem os melhores projetos e mais adapt\u00e1veis \u00e0s necessidades de cada cliente. N\u00e3o utilizamos pacotes pr\u00e9 definidos, todos os nossos projetos s\u00e3o personalizados de acordo com as necessidades de nossos clientes.<\/p>\t\t\t\t\t\t<\/div>\n\t\t\t\t<\/div>\n\t\t\t\t<div class=\"elementor-element elementor-element-49e947c elementor-pagination-position-outside elementor-widget elementor-widget-image-carousel\" data-id=\"49e947c\" data-element_type=\"widget\" data-settings=\"{&quot;slides_to_show&quot;:&quot;1&quot;,&quot;navigation&quot;:&quot;dots&quot;,&quot;autoplay_speed&quot;:3000,&quot;autoplay&quot;:&quot;yes&quot;,&quot;pause_on_hover&quot;:&quot;yes&quot;,&quot;pause_on_interaction&quot;:&quot;yes&quot;,&quot;infinite&quot;:&quot;yes&quot;,&quot;effect&quot;:&quot;slide&quot;,&quot;speed&quot;:500}\" data-widget_type=\"image-carousel.default\">\n\t\t\t\t<div class=\"elementor-widget-container\">\n\t\t\t<style>\/*! elementor - v3.6.5 - 27-04-2022 *\/\n.elementor-widget-image-carousel .swiper-container{position:static}.elementor-widget-image-carousel .swiper-container .swiper-slide figure{line-height:inherit}.elementor-widget-image-carousel .swiper-slide{text-align:center}.elementor-image-carousel-wrapper:not(.swiper-container-initialized) .swiper-slide{max-width:calc(100% \/ var(--e-image-carousel-slides-to-show, 3))}<\/style>\t\t<div class=\"elementor-image-carousel-wrapper swiper-container\" dir=\"ltr\">\n\t\t\t<div class=\"elementor-image-carousel swiper-wrapper\">\n\t\t\t\t\t\t\t\t<div class=\"swiper-slide\"><figure class=\"swiper-slide-inner\"><img class=\"swiper-slide-image\" src=\"https:\/\/sigomrj.com.br\/wp-content\/uploads\/2022\/05\/WhatsApp-Image-2021-05-25-at-14.20.11-300x145.jpeg\" alt=\"Sistema PABX \/ Interfonia (entre outras solu\u00e7\u00f5es que temos totalmente personalizadas de acordo com sua necessidade)\" \/><figcaption class=\"elementor-image-carousel-caption\">Sistema PABX \/ Interfonia (entre outras solu\u00e7\u00f5es que temos totalmente personalizadas de acordo com sua necessidade)<\/figcaption><\/figure><\/div><div class=\"swiper-slide\"><figure class=\"swiper-slide-inner\"><img class=\"swiper-slide-image\" src=\"https:\/\/sigomrj.com.br\/wp-content\/uploads\/2022\/05\/WhatsApp-Image-2021-05-25-at-14.21.17-300x200.jpeg\" alt=\"Sistema de alarme (entre outras solu\u00e7\u00f5es que temos totalmente personalizadas de acordo com sua necessidade)\" \/><figcaption class=\"elementor-image-carousel-caption\">Sistema de alarme (entre outras solu\u00e7\u00f5es que temos totalmente personalizadas de acordo com sua necessidade)<\/figcaption><\/figure><\/div><div class=\"swiper-slide\"><figure class=\"swiper-slide-inner\"><img class=\"swiper-slide-image\" src=\"https:\/\/sigomrj.com.br\/wp-content\/uploads\/2022\/05\/controle-de-acesso-676x464-1-300x206.png\" alt=\"Controle de Acesso de Pedestres e Ve\u00edculos (entre outras solu\u00e7\u00f5es que temos totalmente personalizadas de acordo com sua necessidade)\" \/><figcaption class=\"elementor-image-carousel-caption\">Controle de Acesso de Pedestres e Ve\u00edculos (entre outras solu\u00e7\u00f5es que temos totalmente personalizadas de acordo com sua necessidade)<\/figcaption><\/figure><\/div><div class=\"swiper-slide\"><figure class=\"swiper-slide-inner\"><img class=\"swiper-slide-image\" src=\"https:\/\/sigomrj.com.br\/wp-content\/uploads\/2022\/05\/WhatsApp-Image-2021-05-25-at-14.19.36-e1653934898753-300x162.jpeg\" alt=\"CFTV (entre outras solu\u00e7\u00f5es que temos totalmente personalizadas de acordo com sua necessidade)\" \/><figcaption class=\"elementor-image-carousel-caption\">CFTV (entre outras solu\u00e7\u00f5es que temos totalmente personalizadas de acordo com sua necessidade)<\/figcaption><\/figure><\/div><div class=\"swiper-slide\"><figure class=\"swiper-slide-inner\"><img class=\"swiper-slide-image\" src=\"https:\/\/sigomrj.com.br\/wp-content\/uploads\/2022\/05\/1111-436x336-1-300x231.png\" alt=\"Automa\u00e7\u00e3o de Port\u00f5es (entre outras solu\u00e7\u00f5es que temos totalmente personalizadas de acordo com sua necessidade)\" \/><figcaption class=\"elementor-image-carousel-caption\">Automa\u00e7\u00e3o de Port\u00f5es (entre outras solu\u00e7\u00f5es que temos totalmente personalizadas de acordo com sua necessidade)<\/figcaption><\/figure><\/div><div class=\"swiper-slide\"><figure class=\"swiper-slide-inner\"><img class=\"swiper-slide-image\" src=\"https:\/\/sigomrj.com.br\/wp-content\/uploads\/2022\/05\/imagem_2022-05-30_154952288-300x298.png\" alt=\"Cancelas Autom\u00e1ticas (entre outras solu\u00e7\u00f5es que temos totalmente personalizadas de acordo com sua necessidade)\" \/><figcaption class=\"elementor-image-carousel-caption\">Cancelas Autom\u00e1ticas (entre outras solu\u00e7\u00f5es que temos totalmente personalizadas de acordo com sua necessidade)<\/figcaption><\/figure><\/div>\t\t\t<\/div>\n\t\t\t\t\t\t\t\t\t\t\t\t<div class=\"swiper-pagination\"><\/div>\n\t\t\t\t\t\t\t\t\t\t\t\t\t<\/div>\n\t\t\t\t<\/div>\n\t\t\t\t<\/div>\n\t\t\t\t<div class=\"elementor-element elementor-element-1753698 elementor-align-center elementor-widget elementor-widget-button\" data-id=\"1753698\" data-element_type=\"widget\" data-widget_type=\"button.default\">\n\t\t\t\t<div class=\"elementor-widget-container\">\n\t\t\t\t\t<div class=\"elementor-button-wrapper\">\n\t\t\t<a href=\"https:\/\/api.whatsapp.com\/send?l=pt&#038;phone=5521995495113\" class=\"elementor-button-link elementor-button elementor-size-sm\" role=\"button\">\n\t\t\t\t\t\t<span class=\"elementor-button-content-wrapper\">\n\t\t\t\t\t\t<span class=\"elementor-button-text\">Para alugar entre em contato<\/span>\n\t\t<\/span>\n\t\t\t\t\t<\/a>\n\t\t<\/div>\n\t\t\t\t<\/div>\n\t\t\t\t<\/div>\n\t\t\t\t\t<\/div>\n\t\t<\/div>\n\t\t\t\t\t\t\t<\/div>\n\t\t<\/section>\n\t\t\t\t\t\t\t<\/div>\n\t\t","protected":false},"excerpt":{"rendered":"<p>Loca\u00e7\u00e3o Pioneiros em loca\u00e7\u00e3o de equipamentos de seguran\u00e7a eletr\u00f4nica, a SIGOMRJ tem os melhores projetos e mais adapt\u00e1veis \u00e0s necessidades de cada cliente. N\u00e3o utilizamos pacotes pr\u00e9 definidos, todos os nossos projetos s\u00e3o personalizados de acordo com as necessidades de nossos clientes. Sistema PABX \/ Interfonia (entre outras solu\u00e7\u00f5es que temos totalmente personalizadas de acordo [&hellip;]<\/p>\n","protected":false},"author":1,"featured_media":0,"parent":0,"menu_order":0,"comment_status":"closed","ping_status":"closed","template":"","meta":[],"_links":{"self":[{"href":"https:\/\/sigomrj.com.br\/index.php?rest_route=\/wp\/v2\/pages\/686"}],"collection":[{"href":"https:\/\/sigomrj.com.br\/index.php?rest_route=\/wp\/v2\/pages"}],"about":[{"href":"https:\/\/sigomrj.com.br\/index.php?rest_route=\/wp\/v2\/types\/page"}],"author":[{"embeddable":true,"href":"https:\/\/sigomrj.com.br\/index.php?rest_route=\/wp\/v2\/users\/1"}],"replies":[{"embeddable":true,"href":"https:\/\/sigomrj.com.br\/index.php?rest_route=%2Fwp%2Fv2%2Fcomments&post=686"}],"version-history":[{"count":49,"href":"https:\/\/sigomrj.com.br\/index.php?rest_route=\/wp\/v2\/pages\/686\/revisions"}],"predecessor-version":[{"id":741,"href":"https:\/\/sigomrj.com.br\/index.php?rest_route=\/wp\/v2\/pages\/686\/revisions\/741"}],"wp:attachment":[{"href":"https:\/\/sigomrj.com.br\/index.php?rest_route=%2Fwp%2Fv2%2Fmedia&parent=686"}],"curies":[{"name":"wp","href":"https:\/\/api.w.org\/{rel}","templated":true}]}}